{"id":16862,"date":"2024-06-20T18:30:33","date_gmt":"2024-06-20T15:30:33","guid":{"rendered":"https:\/\/www.almarwa-pharmacy.com\/product\/beesline-deo-whitening-fragnance-free-50ml-offer11-free\/"},"modified":"2024-06-20T18:30:33","modified_gmt":"2024-06-20T15:30:33","slug":"beesline-deo-whitening-fragnance-free-50ml-offer11-free","status":"publish","type":"product","link":"https:\/\/www.almarwa-pharmacy.com\/ar\/product\/beesline-deo-whitening-fragnance-free-50ml-offer11-free\/","title":{"rendered":"Beesline Deo Whitening Fragnance Free 50ml offer(1+1 free)"},"content":{"rendered":"<p>BEESLINE WHITENING DEODORANT FRAGRANCE FREE 50ML How to Use: MAXIMIZE THE EFFECT Follow these tips to guarantee the best results. Use daily.?\u00ff Apply a thin layer to clean, dry underarms. Allow to dry before dressing. Reapply after heavy physical activity or bathing. Ingredients: ACTIVE INGREDIENTS: Alum Rock, Lumiskin, Teflose, Lactic Acid, Wheatgerm Oil, Sodium Lactate, Aloe Vera, Parsley, Olive Leaf &amp; Propolis. FEATURED INGREDIENTS PROPOLIS?\u00ff- PROPOLIS (Cera Propolis) is a resinous mixture that honey bees collect from tree buds. Propolis has powerful anti-inflammatory, antibacterial, antifungal and antiviral properties and is used to treat sore throats and athlete\u0192??s foot (fungal infections), for daily tooth and gum care and as an anti-dandruff for hair. TEFLOSE?\u00ff- TEFLOSE?\u00ff(Glucose and Mannose Polymer)?\u00ffis a natural Polysaccharide that helps prevent body odours while preserving the skin\u0192??s eco-flora. It inhibits the adhesion of odour producing bacteria and acts as a defensive barrier against micro-organisms.<\/p>\n","protected":false},"excerpt":{"rendered":"<p>BEESLINE WHITENING DEODORANT FRAGRANCE FREE 50ML How to Use: MAXIMIZE THE EFFECT Follow these tips to guarantee the best results. Use daily.?\u00ff Apply a thin layer to clean, dry underarms. Allow to dry before dressing. Reapply after heavy physical activity or bathing. Ingredients: ACTIVE INGREDIENTS: Alum Rock, Lumiskin, Teflose, Lactic Acid, Wheatgerm Oil, Sodium Lactate,&#8230;<\/p>\n","protected":false},"featured_media":15781,"comment_status":"open","ping_status":"closed","template":"","meta":[],"pwb-brand":[595],"product_brand":[],"product_cat":[1285,586],"product_tag":[1269,1286],"class_list":{"0":"post-16862","1":"product","2":"type-product","3":"status-publish","4":"has-post-thumbnail","6":"pwb-brand-beesline","7":"product_cat-antiperspirant","8":"product_cat-deodorants-ar","9":"product_tag-antiperspirant","10":"product_tag-deodorants","12":"first","13":"outofstock","14":"shipping-taxable","15":"purchasable","16":"product-type-simple"},"brands":[{"id":595,"name":"BEESLINE","slug":"beesline"}],"_links":{"self":[{"href":"https:\/\/www.almarwa-pharmacy.com\/ar\/wp-json\/wp\/v2\/product\/16862","targetHints":{"allow":["GET"]}}],"collection":[{"href":"https:\/\/www.almarwa-pharmacy.com\/ar\/wp-json\/wp\/v2\/product"}],"about":[{"href":"https:\/\/www.almarwa-pharmacy.com\/ar\/wp-json\/wp\/v2\/types\/product"}],"replies":[{"embeddable":true,"href":"https:\/\/www.almarwa-pharmacy.com\/ar\/wp-json\/wp\/v2\/comments?post=16862"}],"wp:featuredmedia":[{"embeddable":true,"href":"https:\/\/www.almarwa-pharmacy.com\/ar\/wp-json\/wp\/v2\/media\/15781"}],"wp:attachment":[{"href":"https:\/\/www.almarwa-pharmacy.com\/ar\/wp-json\/wp\/v2\/media?parent=16862"}],"wp:term":[{"taxonomy":"pwb-brand","embeddable":true,"href":"https:\/\/www.almarwa-pharmacy.com\/ar\/wp-json\/wp\/v2\/pwb-brand?post=16862"},{"taxonomy":"product_brand","embeddable":true,"href":"https:\/\/www.almarwa-pharmacy.com\/ar\/wp-json\/wp\/v2\/product_brand?post=16862"},{"taxonomy":"product_cat","embeddable":true,"href":"https:\/\/www.almarwa-pharmacy.com\/ar\/wp-json\/wp\/v2\/product_cat?post=16862"},{"taxonomy":"product_tag","embeddable":true,"href":"https:\/\/www.almarwa-pharmacy.com\/ar\/wp-json\/wp\/v2\/product_tag?post=16862"}],"curies":[{"name":"wp","href":"https:\/\/api.w.org\/{rel}","templated":true}]}}